{"id":1549,"date":"2022-12-04T13:20:52","date_gmt":"2022-12-04T16:20:52","guid":{"rendered":"https:\/\/agenciapizpireta.cl\/index.php\/homepages\/freelancer\/"},"modified":"2022-12-05T23:15:48","modified_gmt":"2022-12-06T02:15:48","slug":"homepizpireta","status":"publish","type":"page","link":"https:\/\/agenciapizpireta.cl\/","title":{"rendered":"La Agencia"},"content":{"rendered":"<section class=\"wpb-content-wrapper\"><div id=\"tm-row-69e35934796a5\" data-vc-full-width=\"true\" data-vc-full-width-init=\"false\" data-vc-stretch-content=\"true\" class=\"vc_row vc_row-outer vc_row-fluid\"><div id=\"tm-column-69e3593479cfe\" class=\"wpb_column vc_column_container vc_col-sm-6\"><div class=\"vc_column-inner \"><div class=\"wpb_wrapper\"><div id=\"tm-row-inner-69e3593479f5d\" class=\"vc_row vc_inner vc_row-fluid\"><div id=\"tm-column-inner-69e359347a169\" class=\"wpb_column vc_column_container vc_col-sm-12\"><div class=\"vc_column-inner \"><div class=\"wpb_wrapper\">\n<div class=\"tm-heading  left tm-animation move-up\" id=\"tm-heading-69e359347a41a\">\n\t<h3 class=\"heading\" style=\"\"><mark>Hola.<\/mark> Bienvenid@ a Pizpireta.<\/h3><\/div>\n\n<div class=\"tm-spacer\" id=\"tm-spacer-69e359347a644\"><\/div>\n<div class=\"tm-image  tm-animation move-up\" id=\"tm-image-69e359347a704\">\n\t\t\t<div class=\"image\"><img decoding=\"async\" src=\"https:\/\/agenciapizpireta.cl\/wp-content\/uploads\/2018\/06\/vladimir-proskurovskiy-710541-unsplash-450x340.jpg\" alt=\"vladimir-proskurovskiy-710541-unsplash\" \/><\/div>\t<\/div>\n<div class=\"tm-spacer\" id=\"tm-spacer-69e359347a9d8\"><\/div>\n\n<div class=\"tm-heading  left tm-animation move-up\" id=\"tm-heading-69e359347ab04\">\n\t<h3 class=\"heading\" style=\"\">Sobre Agencia Pizpireta<\/h3><\/div>\n\n<div class=\"tm-spacer\" id=\"tm-spacer-69e359347ace6\"><\/div>\n\n<div class=\"tm-heading  left tm-animation move-up\" id=\"tm-heading-69e359347adf9\">\n\t<div class=\"heading\" style=\"\">Nuestra pasi\u00f3n es acompa\u00f1ar la estrategia de presencia digital de peque\u00f1as y medianas marcas. Nos encargamos de la creaci\u00f3n de contenido, la administraci\u00f3n de comunidades y el dise\u00f1o de sitios webs.<\/div><\/div>\n\n<div class=\"tm-spacer\" id=\"tm-spacer-69e359347afd3\"><\/div>\n<div class=\"tm-spacer\" id=\"tm-spacer-69e359347b01d\"><\/div>\n\n<div class=\"tm-heading  left tm-animation move-up\" id=\"tm-heading-69e359347b129\">\n\t<h3 class=\"heading\" style=\"\">Nuestro blog.<\/h3><\/div>\n\n<div class=\"tm-spacer\" id=\"tm-spacer-69e359347b307\"><\/div>\n\n\t<div class=\"tm-grid-wrapper tm-blog  style-grid-standard filter-counter-style-01\" id=\"tm-blog-69e359347b460\"\n\t\t\n\t\t\n\t\t data-filter-type=\"static\"\n\n\t\t\n\t\t\t>\n\t\t\n\t\t\n\t\t<input type=\"hidden\" class=\"tm-grid-query\" value=\"{&quot;post_type&quot;:&quot;post&quot;,&quot;posts_per_page&quot;:&quot;2&quot;,&quot;orderby&quot;:&quot;date&quot;,&quot;order&quot;:&quot;DESC&quot;,&quot;paged&quot;:1,&quot;post_status&quot;:&quot;publish&quot;,&quot;post__not_in&quot;:[],&quot;action&quot;:&quot;post_infinite_load&quot;,&quot;max_num_pages&quot;:1,&quot;found_posts&quot;:1,&quot;taxonomies&quot;:&quot;&quot;,&quot;style&quot;:&quot;grid-standard&quot;,&quot;pagination&quot;:&quot;&quot;,&quot;count&quot;:1,&quot;metro_layout&quot;:&quot;%5B%7B%22size%22%3A%222%3A2%22%7D%2C%7B%22size%22%3A%221%3A1%22%7D%2C%7B%22size%22%3A%221%3A1%22%7D%2C%7B%22size%22%3A%222%3A2%22%7D%2C%7B%22size%22%3A%221%3A1%22%7D%2C%7B%22size%22%3A%221%3A1%22%7D%5D&quot;}\"\/>\n\n\t\t\n\t\t\t\t<div class=\"tm-grid modern-grid has-animation move-up\"\n\t\t\t\t\t\t\t\t\t>\n\t\t\t\t\t\t<div class=\"grid-item post-item post-4667 post type-post status-publish format-standard has-post-thumbnail hentry category-contenidos-pizpireta tag-business-02\">\n\t\t<div class=\"post-wrapper\">\n\n\t\t\t\t<div class=\"post-feature post-thumbnail\">\n\t\t<a href=\"https:\/\/agenciapizpireta.cl\/index.php\/2022\/12\/04\/por-que-contratar-una-agencia\/\">\n\t\t\t<img decoding=\"async\" src=\"https:\/\/agenciapizpireta.cl\/wp-content\/uploads\/2022\/12\/pexels-cottonbro-studio-5052880-scaled-450x340.jpg\" alt=\"\u00bfPor qu\u00e9 contratar una agencia? Gu\u00eda para entender sus beneficios\"  \/>\t\t<\/a>\n\t<\/div>\n\n\t\t\t\n\t\t\t\t<div class=\"post-info\">\n\n\t\t\t\t\t<h3 class=\"post-title\">\n\t<a href=\"https:\/\/agenciapizpireta.cl\/index.php\/2022\/12\/04\/por-que-contratar-una-agencia\/\">\u00bfPor qu\u00e9 contratar una agencia? Gu\u00eda para entender sus beneficios<\/a>\n<\/h3>\n\n\t\t\t\t\t<div class=\"post-meta\">\n\n\t\t\t\t\t\t\n<div class=\"post-date\">\n\n\t\n\t\tDiciembre 4, 2022\n\t\t\n<\/div>\n\n\t\t\t\t\t\t\t<div class=\"post-categories\">\n\t\t<a href=\"https:\/\/agenciapizpireta.cl\/index.php\/category\/contenidos-pizpireta\/\" rel=\"category tag\">Contenidos Pizpireta<\/a>\t<\/div>\n\n\t\t\t\t\t<\/div>\n\n\t\t\t\t\t\n\t\t\t\t<\/div>\n\n\t\t\t\n\t\t<\/div>\n\t<\/div>\n\t\t\t\t<\/div>\n\n\t\t\t\t\n\t\t\n\t<\/div>\n<div class=\"tm-spacer\" id=\"tm-spacer-69e359347c33a\"><\/div>\n\n<div class=\"tm-heading  left tm-animation move-up\" id=\"tm-heading-69e359347c46a\">\n\t<h3 class=\"heading\" style=\"\">Escr\u00edbenos.<\/h3><\/div>\n\n<div class=\"tm-spacer\" id=\"tm-spacer-69e359347c664\"><\/div>\n\n<div class=\"tm-heading  left tm-animation move-up\" id=\"tm-heading-69e359347c77d\">\n\t<div class=\"heading\" style=\"\">\u00bfTe gusta lo que podemos hacer? Cont\u00e1ctanos y con gusto resolveremos tus dudas...<\/div><\/div>\n\n<div class=\"tm-spacer\" id=\"tm-spacer-69e359347c951\"><\/div>\n\n<div class=\"tm-heading  left tm-animation move-up\" id=\"tm-heading-69e359347ca6c\">\n\t<h3 class=\"heading\" style=\"\"><a href=\"mailto:contact@domain.com\">hola@agenciapizpireta.cl<\/a><\/h3><\/div>\n\n<div class=\"tm-spacer\" id=\"tm-spacer-69e359347cc91\"><\/div>\n<div class=\"tm-button-wrapper  tm-animation move-up\" id=\"tm-button-69e359347cda4\">\n\t\t<a class=\"tm-button style-text-long-arrow tm-button-nm tm-button-custom\" href=\"https:\/\/agenciapizpireta.cl\/?ic_mega_menu=portfolios\"\n\t\t\t>\n\n\t\t\n\t\t\t\t\t\t<span class=\"button-text\" data-text=\"M\u00e1s detalles\">\n\t\t\t\tM\u00e1s detalles\t\t\t<\/span>\n\t\t\t\n\t\t\t\t\t\t\t<span class=\"button-arrow\"><\/span>\n\t\t\t\n\t\t\n\n\t<\/a>\n<\/div>\n<\/div><\/div><\/div><\/div><div class=\"tm-spacer\" id=\"tm-spacer-69e359347d10e\"><\/div>\n<\/div><\/div><\/div><div id=\"tm-column-69e359347d201\" class=\"wpb_column vc_column_container vc_col-sm-6\"><div class=\"vc_column-inner \"><div class=\"wpb_wrapper\"><div id=\"tm-row-inner-69e359347d3d5\" class=\"vc_row vc_inner vc_row-fluid\"><div id=\"tm-column-inner-69e359347d57c\" class=\"wpb_column vc_column_container vc_col-sm-12\"><div class=\"vc_column-inner \"><div class=\"wpb_wrapper\">\n<div class=\"tm-heading  right tm-animation move-up\" id=\"tm-heading-69e359347d7a6\">\n\t<h3 class=\"heading\" style=\"\">\u00bfQu\u00e9 podemos hacer?<\/h3><\/div>\n\n<div class=\"tm-spacer\" id=\"tm-spacer-69e359347d994\"><\/div>\n\t<div class=\"tm-grid-wrapper tm-portfolio  style-masonry portfolio-overlay-faded-03 tm-animation move-up filter-counter-style-01\"\n\t     id=\"tm-portfolio-69e359347db47\"\n\n\t\t\n\t\t\n\t\t data-filter-type=\"static\"\n\n\t\t\t\t\tdata-type=\"masonry\"\n\t\t\n\t\t\n\t\t\t\t\t\t\t\t\t data-xs-columns=\"1\" data-lg-columns=\"1\"\t\t\t\n\t\t\t\t\t\t\tdata-gutter=\"30\"\n\t\t\t\t\t\n\t\t\t>\n\t\t\n\t\t\n\t\t<input type=\"hidden\" class=\"tm-grid-query\" value=\"{&quot;post_type&quot;:&quot;portfolio&quot;,&quot;posts_per_page&quot;:&quot;5&quot;,&quot;orderby&quot;:&quot;date&quot;,&quot;order&quot;:&quot;ASC&quot;,&quot;paged&quot;:1,&quot;post_status&quot;:&quot;publish&quot;,&quot;tax_query&quot;:{&quot;0&quot;:{&quot;taxonomy&quot;:&quot;portfolio_category&quot;,&quot;field&quot;:&quot;slug&quot;,&quot;terms&quot;:[&quot;como-lo-hacemos&quot;]},&quot;relation&quot;:&quot;AND&quot;},&quot;action&quot;:&quot;portfolio_infinite_load&quot;,&quot;max_num_pages&quot;:1,&quot;found_posts&quot;:3,&quot;taxonomies&quot;:&quot;portfolio_category:como-lo-hacemos&quot;,&quot;style&quot;:&quot;masonry&quot;,&quot;image_size&quot;:&quot;481x325&quot;,&quot;masonry_image_size_width&quot;:&quot;&quot;,&quot;overlay_style&quot;:&quot;faded-03&quot;,&quot;metro_layout&quot;:&quot;%5B%7B%22size%22%3A%221%3A1%22%7D%2C%7B%22size%22%3A%222%3A2%22%7D%2C%7B%22size%22%3A%221%3A2%22%7D%2C%7B%22size%22%3A%221%3A1%22%7D%2C%7B%22size%22%3A%221%3A1%22%7D%2C%7B%22size%22%3A%222%3A1%22%7D%2C%7B%22size%22%3A%221%3A1%22%7D%5D&quot;,&quot;pagination&quot;:&quot;&quot;,&quot;count&quot;:3}\"\/>\n\n\t\t\n\t\t\t\t<div class=\"tm-grid has-animation move-up\"\n\t\t\t\t     data-overlay-animation=\"faded-03\"\n\t\t\t\t>\n\n\t\t\t\t\t<div class=\"grid-sizer\"><\/div>\n\t<div class=\"portfolio-item grid-item post-281 portfolio type-portfolio status-publish has-post-thumbnail hentry portfolio_category-como-lo-hacemos portfolio_tags-standard\">\n\t\t<div class=\"post-wrapper\">\n\t\t\t<a href=\"https:\/\/agenciapizpireta.cl\/index.php\/portfolio\/creacion-de-contenidos\/\" class=\"post-permalink link-secret\">\n\n\t\t\t\t<div class=\"post-thumbnail-wrapper\">\n\t\t\t\t\t<div class=\"post-thumbnail\">\n\t\t\t\t\t\t\t\t\t\t\t\t\t<img decoding=\"async\" src=\"https:\/\/agenciapizpireta.cl\/wp-content\/uploads\/2022\/12\/creacion-de-contenido@2x-480x480.png\" alt=\"Creaci\u00f3n de Contenidos\"  \/>\t\t\t\t\t\t\n\t\t\t\t\t<\/div>\n\n\t\t\t\t\t\t\t\t\t\t\t<div class=\"post-overlay primary-background-color\"><\/div>\n<div class=\"post-overlay-content\">\n\t<div class=\"post-overlay-content-inner\">\n\t\t<div class=\"post-overlay-info\">\n\t\t\t<h3 class=\"post-overlay-title\">Creaci\u00f3n de Contenidos<\/h3>\n\n\t\t\t\t\t\t\t<div class=\"post-overlay-categories\">\n\t\t\t\t\t\u00bfC\u00f3mo lo hacemos?\t\t\t\t<\/div>\n\t\t\t\n\t\t<\/div>\n\t<\/div>\n<\/div>\n\t\t\t\t\t\n\t\t\t\t<\/div>\n\t\t\t<\/a>\n\t\t<\/div>\n\t<\/div>\n\t<div class=\"portfolio-item grid-item post-5413 portfolio type-portfolio status-publish has-post-thumbnail hentry portfolio_category-como-lo-hacemos portfolio_tags-standard\">\n\t\t<div class=\"post-wrapper\">\n\t\t\t<a href=\"https:\/\/agenciapizpireta.cl\/index.php\/portfolio\/estrategia-de-presencia-digital\/\" class=\"post-permalink link-secret\">\n\n\t\t\t\t<div class=\"post-thumbnail-wrapper\">\n\t\t\t\t\t<div class=\"post-thumbnail\">\n\t\t\t\t\t\t\t\t\t\t\t\t\t<img decoding=\"async\" src=\"https:\/\/agenciapizpireta.cl\/wp-content\/uploads\/2022\/12\/estrategia@2x-480x480.png\" alt=\"Estrategia de Presencia Digital\"  \/>\t\t\t\t\t\t\n\t\t\t\t\t<\/div>\n\n\t\t\t\t\t\t\t\t\t\t\t<div class=\"post-overlay primary-background-color\"><\/div>\n<div class=\"post-overlay-content\">\n\t<div class=\"post-overlay-content-inner\">\n\t\t<div class=\"post-overlay-info\">\n\t\t\t<h3 class=\"post-overlay-title\">Estrategia de Presencia Digital<\/h3>\n\n\t\t\t\t\t\t\t<div class=\"post-overlay-categories\">\n\t\t\t\t\t\u00bfC\u00f3mo lo hacemos?\t\t\t\t<\/div>\n\t\t\t\n\t\t<\/div>\n\t<\/div>\n<\/div>\n\t\t\t\t\t\n\t\t\t\t<\/div>\n\t\t\t<\/a>\n\t\t<\/div>\n\t<\/div>\n\t<div class=\"portfolio-item grid-item post-5428 portfolio type-portfolio status-publish has-post-thumbnail hentry portfolio_category-como-lo-hacemos portfolio_tags-standard\">\n\t\t<div class=\"post-wrapper\">\n\t\t\t<a href=\"https:\/\/agenciapizpireta.cl\/index.php\/portfolio\/diseno-web\/\" class=\"post-permalink link-secret\">\n\n\t\t\t\t<div class=\"post-thumbnail-wrapper\">\n\t\t\t\t\t<div class=\"post-thumbnail\">\n\t\t\t\t\t\t\t\t\t\t\t\t\t<img decoding=\"async\" src=\"https:\/\/agenciapizpireta.cl\/wp-content\/uploads\/2022\/12\/disenoweb@2x-480x480.png\" alt=\"Dise\u00f1o WEB\"  \/>\t\t\t\t\t\t\n\t\t\t\t\t<\/div>\n\n\t\t\t\t\t\t\t\t\t\t\t<div class=\"post-overlay primary-background-color\"><\/div>\n<div class=\"post-overlay-content\">\n\t<div class=\"post-overlay-content-inner\">\n\t\t<div class=\"post-overlay-info\">\n\t\t\t<h3 class=\"post-overlay-title\">Dise\u00f1o WEB<\/h3>\n\n\t\t\t\t\t\t\t<div class=\"post-overlay-categories\">\n\t\t\t\t\t\u00bfC\u00f3mo lo hacemos?\t\t\t\t<\/div>\n\t\t\t\n\t\t<\/div>\n\t<\/div>\n<\/div>\n\t\t\t\t\t\n\t\t\t\t<\/div>\n\t\t\t<\/a>\n\t\t<\/div>\n\t<\/div>\n\n\t\t\t\t<\/div>\n\n\t\t\t\t\n\t\t\n\t<\/div>\n<div class=\"tm-spacer\" id=\"tm-spacer-69e359347f0dc\"><\/div>\n<\/div><\/div><\/div><\/div><\/div><\/div><\/div><\/div><div class=\"vc_row-full-width vc_clearfix\"><\/div>\n<\/section>","protected":false},"excerpt":{"rendered":"Creamos el sitio web de tu marca o tienda. Presentamos 3 prototipos y entregamos una planificaci\u00f3n del desarrollo del proyecto. Para tiendas on line, realizamos la integraci\u00f3n de Transbank para recibir pagos, la calculadora de env\u00edos de la tienda y creamos los productos para comercializar. Finalizamos el proyecto con un Manual de Uso para el cliente y con una capacitaci\u00f3n on line, donde ense\u00f1amos los procesos claves para la autoadministraci\u00f3n.","protected":false},"author":1,"featured_media":0,"parent":0,"menu_order":0,"comment_status":"closed","ping_status":"closed","template":"","meta":{"footnotes":""},"class_list":["post-1549","page","type-page","status-publish","hentry"],"_links":{"self":[{"href":"https:\/\/agenciapizpireta.cl\/index.php\/wp-json\/wp\/v2\/pages\/1549","targetHints":{"allow":["GET"]}}],"collection":[{"href":"https:\/\/agenciapizpireta.cl\/index.php\/wp-json\/wp\/v2\/pages"}],"about":[{"href":"https:\/\/agenciapizpireta.cl\/index.php\/wp-json\/wp\/v2\/types\/page"}],"author":[{"embeddable":true,"href":"https:\/\/agenciapizpireta.cl\/index.php\/wp-json\/wp\/v2\/users\/1"}],"replies":[{"embeddable":true,"href":"https:\/\/agenciapizpireta.cl\/index.php\/wp-json\/wp\/v2\/comments?post=1549"}],"version-history":[{"count":17,"href":"https:\/\/agenciapizpireta.cl\/index.php\/wp-json\/wp\/v2\/pages\/1549\/revisions"}],"predecessor-version":[{"id":5662,"href":"https:\/\/agenciapizpireta.cl\/index.php\/wp-json\/wp\/v2\/pages\/1549\/revisions\/5662"}],"wp:attachment":[{"href":"https:\/\/agenciapizpireta.cl\/index.php\/wp-json\/wp\/v2\/media?parent=1549"}],"curies":[{"name":"wp","href":"https:\/\/api.w.org\/{rel}","templated":true}]}}